{"id":11953,"date":"2022-12-14T12:47:56","date_gmt":"2022-12-14T11:47:56","guid":{"rendered":"https:\/\/lebenswerk.link\/adler\/?page_id=11953"},"modified":"2023-05-08T13:15:42","modified_gmt":"2023-05-08T11:15:42","slug":"demande","status":"publish","type":"page","link":"https:\/\/adler-feldberg.de\/fr\/hotel\/demande\/","title":{"rendered":"Demande"},"content":{"rendered":"\t\t<div data-elementor-type=\"wp-page\" data-elementor-id=\"11953\" class=\"elementor elementor-11953 elementor-11826\" data-elementor-post-type=\"page\">\n\t\t\t\t\t\t<section class=\"elementor-section elementor-top-section elementor-element elementor-element-9fb8c8a elementor-section-full_width elementor-section-height-min-height elementor-section-height-default elementor-section-items-middle\" data-id=\"9fb8c8a\" data-element_type=\"section\" data-e-type=\"section\" data-settings=\"{&quot;background_background&quot;:&quot;classic&quot;}\">\n\t\t\t\t\t\t<div class=\"elementor-container elementor-column-gap-default\">\n\t\t\t\t\t<div class=\"elementor-column elementor-col-100 elementor-top-column elementor-element elementor-element-5fbddbb\" data-id=\"5fbddbb\" data-element_type=\"column\" data-e-type=\"column\">\n\t\t\t<div class=\"elementor-widget-wrap\">\n\t\t\t\t\t\t\t<\/div>\n\t\t<\/div>\n\t\t\t\t\t<\/div>\n\t\t<\/section>\n\t\t\t\t<section class=\"elementor-section elementor-top-section elementor-element elementor-element-807010a elementor-section-full_width elementor-section-height-default elementor-section-height-default\" data-id=\"807010a\" data-element_type=\"section\" data-e-type=\"section\">\n\t\t\t\t\t\t<div class=\"elementor-container elementor-column-gap-default\">\n\t\t\t\t\t<div class=\"elementor-column elementor-col-100 elementor-top-column elementor-element elementor-element-b4f9b98\" data-id=\"b4f9b98\" data-element_type=\"column\" data-e-type=\"column\" data-settings=\"{&quot;background_background&quot;:&quot;classic&quot;}\">\n\t\t\t<div class=\"elementor-widget-wrap elementor-element-populated\">\n\t\t\t\t\t\t<div class=\"elementor-element elementor-element-77791e9 elementor-widget elementor-widget-heading\" data-id=\"77791e9\" data-element_type=\"widget\" data-e-type=\"widget\" data-widget_type=\"heading.default\">\n\t\t\t\t<div class=\"elementor-widget-container\">\n\t\t\t\t\t<h1 class=\"elementor-heading-title elementor-size-default\">Demande<\/h1>\t\t\t\t<\/div>\n\t\t\t\t<\/div>\n\t\t\t\t<div class=\"elementor-element elementor-element-0b59824 elementor-widget elementor-widget-shortcode\" data-id=\"0b59824\" data-element_type=\"widget\" data-e-type=\"widget\" data-widget_type=\"shortcode.default\">\n\t\t\t\t<div class=\"elementor-widget-container\">\n\t\t\t\t\t\t\t<div class=\"elementor-shortcode\">\n<div class=\"wpcf7 no-js\" id=\"wpcf7-f2303-o1\" lang=\"de-DE\" dir=\"ltr\" data-wpcf7-id=\"2303\">\n<div class=\"screen-reader-response\"><p role=\"status\" aria-live=\"polite\" aria-atomic=\"true\"><\/p> <ul><\/ul><\/div>\n<form action=\"\/fr\/wp-json\/wp\/v2\/pages\/11953#wpcf7-f2303-o1\" method=\"post\" class=\"wpcf7-form init wpcf7-acceptance-as-validation\" aria-label=\"Contact form\" novalidate=\"novalidate\" data-status=\"init\">\n<fieldset class=\"hidden-fields-container\"><input type=\"hidden\" name=\"_wpcf7\" value=\"2303\" \/><input type=\"hidden\" name=\"_wpcf7_version\" value=\"6.1.5\" \/><input type=\"hidden\" name=\"_wpcf7_locale\" value=\"de_DE\" \/><input type=\"hidden\" name=\"_wpcf7_unit_tag\" value=\"wpcf7-f2303-o1\" \/><input type=\"hidden\" name=\"_wpcf7_container_post\" value=\"0\" \/><input type=\"hidden\" name=\"_wpcf7_posted_data_hash\" value=\"\" \/><input type=\"hidden\" name=\"_wpcf7_recaptcha_response\" value=\"\" \/>\n<\/fieldset>\n<p>Ici, vous pouvez poser une demande sans engagement pour notre h&ocirc;tel.\n<\/p>\n<p>Vous &ecirc;tes d\u00e9j\u00e0 s&ucirc;rs? Alors, ici vous pouvez bien <a class=\"d21-trigger-ibe\" href=\"\/cms\/fr\/hotel\/reservation\/\"> r\u00e9server directement!<\/a>\n<\/p>\n<div class=\"impressum\">\n\t<h2>Vos coordonn\u00e9es\n\t<\/h2>\n\t<p><label> Nom *<br \/>\n<span class=\"wpcf7-form-control-wrap\" data-name=\"your-name\"><input size=\"40\" maxlength=\"400\" class=\"wpcf7-form-control wpcf7-text wpcf7-validates-as-required\" aria-required=\"true\" aria-invalid=\"false\" value=\"\" type=\"text\" name=\"your-name\" \/><\/span> <\/label>\n\t<\/p>\n\t<p><label> Adresse courriel *<br \/>\n<span class=\"wpcf7-form-control-wrap\" data-name=\"your-email\"><input size=\"40\" maxlength=\"400\" class=\"wpcf7-form-control wpcf7-email wpcf7-validates-as-required wpcf7-text wpcf7-validates-as-email\" aria-required=\"true\" aria-invalid=\"false\" value=\"\" type=\"email\" name=\"your-email\" \/><\/span> <\/label>\n\t<\/p>\n\t<p><label> T\u00e9l\u00e9phone *<br \/>\n<span class=\"wpcf7-form-control-wrap\" data-name=\"your-phone\"><input size=\"40\" maxlength=\"400\" class=\"wpcf7-form-control wpcf7-text wpcf7-validates-as-required\" aria-required=\"true\" aria-invalid=\"false\" value=\"\" type=\"text\" name=\"your-phone\" \/><\/span> <\/label>\n\t<\/p>\n\t<p><label> T\u00e9l\u00e9fax<br \/>\n<span class=\"wpcf7-form-control-wrap\" data-name=\"your-fax\"><input size=\"40\" maxlength=\"400\" class=\"wpcf7-form-control wpcf7-text\" aria-invalid=\"false\" value=\"\" type=\"text\" name=\"your-fax\" \/><\/span> <\/label>\n\t<\/p>\n\t<h2>Votre adresse\n\t<\/h2>\n\t<p><label> Rue et num\u00e9ro *<br \/>\n<span class=\"wpcf7-form-control-wrap\" data-name=\"your-address\"><input size=\"40\" maxlength=\"400\" class=\"wpcf7-form-control wpcf7-text wpcf7-validates-as-required\" aria-required=\"true\" aria-invalid=\"false\" value=\"\" type=\"text\" name=\"your-address\" \/><\/span> <\/label>\n\t<\/p>\n\t<p><label> Code postale et ville *<br \/>\n<span class=\"wpcf7-form-control-wrap\" data-name=\"your-postcodetown\"><input size=\"40\" maxlength=\"400\" class=\"wpcf7-form-control wpcf7-text wpcf7-validates-as-required\" aria-required=\"true\" aria-invalid=\"false\" value=\"\" type=\"text\" name=\"your-postcodetown\" \/><\/span> <\/label>\n\t<\/p>\n\t<h2>Nombre de personnes\n\t<\/h2>\n\t<p><label>Adultes *<br \/>\n<span class=\"wpcf7-form-control-wrap\" data-name=\"menu-anzahl-erwachsene\"><select class=\"wpcf7-form-control wpcf7-select wpcf7-validates-as-required\" aria-required=\"true\" aria-invalid=\"false\" name=\"menu-anzahl-erwachsene\"><option value=\"\">&#8212;Please choose an option&#8212;<\/option><option value=\"1\">1<\/option><option value=\"2\">2<\/option><option value=\"3\">3<\/option><option value=\"4\">4<\/option><option value=\"5\">5<\/option><option value=\"6\">6<\/option><option value=\"7\">7<\/option><option value=\"8\">8<\/option><option value=\"9\">9<\/option><\/select><\/span><\/label>\n\t<\/p>\n\t<p><label>Enfants<br \/>\n<span class=\"wpcf7-form-control-wrap\" data-name=\"menu-anzahl-kinder\"><select class=\"wpcf7-form-control wpcf7-select\" aria-invalid=\"false\" name=\"menu-anzahl-kinder\"><option value=\"0\">0<\/option><option value=\"1\">1<\/option><option value=\"2\">2<\/option><option value=\"3\">3<\/option><option value=\"4\">4<\/option><option value=\"5\">5<\/option><option value=\"6\">6<\/option><option value=\"7\">7<\/option><option value=\"8\">8<\/option><option value=\"9\">9<\/option><\/select><\/span><\/label>\n\t<\/p>\n\t<p><label> Ages des enfants<br \/>\n<span class=\"wpcf7-form-control-wrap\" data-name=\"your-age\"><input size=\"40\" maxlength=\"400\" class=\"wpcf7-form-control wpcf7-text\" aria-invalid=\"false\" value=\"\" type=\"text\" name=\"your-age\" \/><\/span> <\/label>\n\t<\/p>\n\t<h2>P\u00e9riode de s\u00e9jour\n\t<\/h2>\n\t<p><label> Arriv\u00e9e *<br \/>\n<span class=\"wpcf7-form-control-wrap\" data-name=\"date-anreise\"><input size=\"40\" maxlength=\"400\" class=\"wpcf7-form-control wpcf7-text wpcf7-validates-as-required\" aria-required=\"true\" aria-invalid=\"false\" value=\"\" type=\"text\" name=\"date-anreise\" \/><\/span><\/label>\n\t<\/p>\n\t<p><label> D\u00e9part *<br \/>\n<span class=\"wpcf7-form-control-wrap\" data-name=\"date-abreise\"><input size=\"40\" maxlength=\"400\" class=\"wpcf7-form-control wpcf7-text wpcf7-validates-as-required\" aria-required=\"true\" aria-invalid=\"false\" value=\"\" type=\"text\" name=\"date-abreise\" \/><\/span><\/label>\n\t<\/p>\n\t<h2>Vos preferences\n\t<\/h2>\n\t<p><label>Cat\u00e9gorie *<br \/>\n<span class=\"wpcf7-form-control-wrap\" data-name=\"menu-zimmerkat\"><select class=\"wpcf7-form-control wpcf7-select wpcf7-validates-as-required\" aria-required=\"true\" aria-invalid=\"false\" multiple=\"multiple\" name=\"menu-zimmerkat[]\"><option value=\"toutes les cat\u00e9gories\">toutes les cat\u00e9gories<\/option><option value=\"Cat\u00e9gorie A (chambre double)\">Cat\u00e9gorie A (chambre double)<\/option><option value=\"Cat\u00e9gorie B (chambre double avec balcon et vue sur le lac)\">Cat\u00e9gorie B (chambre double avec balcon et vue sur le lac)<\/option><option value=\"Cat\u00e9gorie C (chambre grand confort avec balcon et vue sur le lac)\">Cat\u00e9gorie C (chambre grand confort avec balcon et vue sur le lac)<\/option><option value=\"Cat\u00e9gorie D (maisonette avec balcon ou lit \u00e0 baldaquin)\">Cat\u00e9gorie D (maisonette avec balcon ou lit \u00e0 baldaquin)<\/option><\/select><\/span><\/label>\n\t<\/p>\n\t<p><label>Chambre pr\u00e9f\u00e9r\u00e9e *<br \/>\n<span class=\"wpcf7-form-control-wrap\" data-name=\"menu-wunschzimmer\"><select class=\"wpcf7-form-control wpcf7-select wpcf7-validates-as-required\" aria-required=\"true\" aria-invalid=\"false\" multiple=\"multiple\" name=\"menu-wunschzimmer[]\"><option value=\"toutes les chambres\">toutes les chambres<\/option><option value=\"1 \u2013 Silberdistel (Cat. C)\">1 \u2013 Silberdistel (Cat. C)<\/option><option value=\"2 \u2013 Fingerhut (Cat. C)\">2 \u2013 Fingerhut (Cat. C)<\/option><option value=\"3 \u2013 Wilder Apfel (Cat. B)\">3 \u2013 Wilder Apfel (Cat. B)<\/option><option value=\"4 \u2013 Akelei (Cat. C)\">4 \u2013 Akelei (Cat. C)<\/option><option value=\"5 \u2013 K\u00f6nigskerze (Cat. B)\">5 \u2013 K\u00f6nigskerze (Cat. B)<\/option><option value=\"6 \u2013 T\u00fcrkenbund (Cat. B)\">6 \u2013 T\u00fcrkenbund (Cat. B)<\/option><option value=\"7 \u2013 Eisenhut (Cat. C)\">7 \u2013 Eisenhut (Cat. C)<\/option><option value=\"8 \u2013 Vogelbeere (Cat. A)\">8 \u2013 Vogelbeere (Cat. A)<\/option><option value=\"9 \u2013 Schl\u00fcsselblume (Cat. A)\">9 \u2013 Schl\u00fcsselblume (Cat. A)<\/option><option value=\"10 \u2013 Heidekraut (Cat. B)\">10 \u2013 Heidekraut (Cat. B)<\/option><option value=\"11 \u2013 Vergissmeinnicht (Cat. D)\">11 \u2013 Vergissmeinnicht (Cat. D)<\/option><option value=\"12 \u2013 Weidenr\u00f6schen (Cat. D)\">12 \u2013 Weidenr\u00f6schen (Cat. D)<\/option><option value=\"14 \u2013 Frauenschuh (Cat. D)\">14 \u2013 Frauenschuh (Cat. D)<\/option><option value=\"15 \u2013 Enzian (Cat. D)\">15 \u2013 Enzian (Cat. D)<\/option><option value=\"16 \u2013 Buschwindr\u00f6schen (Cat. A)\">16 \u2013 Buschwindr\u00f6schen (Cat. A)<\/option><option value=\"17 \u2013 Veilchen (Cat. B)\">17 \u2013 Veilchen (Cat. B)<\/option><\/select><\/span><\/label>\n\t<\/p>\n\t<p><label>Offre sp\u00e9ciale? *<br \/>\n<span class=\"wpcf7-form-control-wrap\" data-name=\"menu-pausch\"><select class=\"wpcf7-form-control wpcf7-select wpcf7-validates-as-required\" aria-required=\"true\" aria-invalid=\"false\" name=\"menu-pausch\"><option value=\"non (simplement nuit\u00e9e\/petit-d\u00e9jeuner)\">non (simplement nuit\u00e9e\/petit-d\u00e9jeuner)<\/option><option value=\"nuit\u00e9e\/semi-pension\">nuit\u00e9e\/semi-pension<\/option><option value=\"Einfach mal raus - Kurzurlaub im B\u00e4rental\">Einfach mal raus - Kurzurlaub im B\u00e4rental<\/option><option value=\"Adler Schnupperle\">Adler Schnupperle<\/option><option value=\"Adler Classic\">Adler Classic<\/option><option value=\"Himmlischer Adlertag\">Himmlischer Adlertag<\/option><option value=\"Wunderbar Wanderbar\">Wunderbar Wanderbar<\/option><option value=\"Weinwochenende\">Weinwochenende<\/option><option value=\"G\u00e4nsewochenende\">G\u00e4nsewochenende<\/option><option value=\"B\u00e4rentaler Weihnacht\">B\u00e4rentaler Weihnacht<\/option><option value=\"Silvester im B\u00e4rental\">Silvester im B\u00e4rental<\/option><\/select><\/span><\/label>\n\t<\/p>\n\t<p>S'il vous pla\u00eet r\u00e9pondez-nous<br \/>\n<span class=\"wpcf7-form-control-wrap\" data-name=\"radio-kontaktweg\"><span class=\"wpcf7-form-control wpcf7-radio\"><span class=\"wpcf7-list-item first\"><label><input type=\"radio\" name=\"radio-kontaktweg\" value=\"par email\" checked=\"checked\" \/><span class=\"wpcf7-list-item-label\">par email<\/span><\/label><\/span><span class=\"wpcf7-list-item last\"><label><input type=\"radio\" name=\"radio-kontaktweg\" value=\"par t\u00e9l\u00e9phone\" \/><span class=\"wpcf7-list-item-label\">par t\u00e9l\u00e9phone<\/span><\/label><\/span><\/span><\/span>\n\t<\/p>\n\t<p><label> Annotations<br \/>\n<span class=\"wpcf7-form-control-wrap\" data-name=\"your-message\"><textarea cols=\"40\" rows=\"10\" maxlength=\"2000\" class=\"wpcf7-form-control wpcf7-textarea\" aria-invalid=\"false\" name=\"your-message\"><\/textarea><\/span> <\/label>\n\t<\/p>\n<\/div>\n<div style=\"color:#007b31; padding:20px; border: 1px solid #007b31; margin-bottom:20px; margin-top:20px; font-weight:normal;\">\n\t<p>Avant d'envoyer le formulaire, veuillez charger Google reCAPTCHA en cliquant sur le bouton vert ci-dessous. Merci!\n\t<\/p>\n<\/div>\n<p><span class=\"wpcf7-form-control-wrap\" data-name=\"acceptance-datenschutz\"><span class=\"wpcf7-form-control wpcf7-acceptance\"><span class=\"wpcf7-list-item\"><label><input type=\"checkbox\" name=\"acceptance-datenschutz\" value=\"1\" aria-invalid=\"false\" \/><span class=\"wpcf7-list-item-label\">Je d\u00e9clare avoir pris connaissance de la <a href=\"\/fr\/protection-des-donnees\/\" target=\"_blank\"><strong>politique de protection des donn\u00e9es<\/strong><\/a> et j'accepte que mes coordonn\u00e9es soient enregistr\u00e9es et utilis\u00e9es pour le traitement de ma demande (Nous vous informons que vous avez \u00e0 tout moment la possibilit\u00e9 de retirer votre consentement par e-mail \u00e0 info (at) adler-feldberg.de).<\/span><\/label><\/span><\/span><\/span>\n<\/p>\n<p><input class=\"wpcf7-form-control wpcf7-submit has-spinner\" type=\"submit\" value=\"Envoyer\" \/>\n<\/p><div class=\"wpcf7-response-output\" aria-hidden=\"true\"><\/div>\n<\/form>\n<\/div>\n<\/div>\n\t\t\t\t\t\t<\/div>\n\t\t\t\t<\/div>\n\t\t\t\t<div class=\"elementor-element elementor-element-e654d8c elementor-widget elementor-widget-shortcode\" data-id=\"e654d8c\" data-element_type=\"widget\" data-e-type=\"widget\" data-widget_type=\"shortcode.default\">\n\t\t\t\t<div class=\"elementor-widget-container\">\n\t\t\t\t\t\t\t<div class=\"elementor-shortcode\"><div class=\"BorlabsCookie _brlbs-cb-recaptcha\"><div class=\"_brlbs-content-blocker\"> <div class=\"_brlbs-default\"> <p>Pour envoyer le formulaire, il faut charger Google reCAPTCHA (protection spam). En chargeant Google reCAPTCHA, vous acceptez la <strong><a href=\"https:\/\/policies.google.com\/privacy\" target=\"_blank\" rel=\"nofollow noopener noreferrer\">politique de confidentalit\u00e9 de Google reCAPTCHA<\/a><\/strong> et les <strong><a href=\"https:\/\/policies.google.com\/terms\" target=\"_blank\" rel=\"nofollow noopener noreferrer\">conditions d\u2019utilisation<\/a><\/strong> de Google. <\/p> <p><a class=\"_brlbs-btn\" href=\"#\" data-borlabs-cookie-unblock role=\"button\">Charger Google reCAPTCHA<\/a><\/p> <\/div> <\/div><div class=\"borlabs-hide\" data-borlabs-cookie-type=\"content-blocker\" data-borlabs-cookie-id=\"recaptcha\"><script type=\"text\/template\">R29vZ2xlIHJlQ0FQVENIQSBhIMOpdMOpIGNoYXJnw6kuIFZldWlsbGV6IGNsaXF1ZXIgc3VyIMKrIGVudm95ZXIgwrssIG1haW50ZW5hbnQsIHPigJlpbCB2b3VzIHBsYcOudCEg<\/script><\/div><\/div><\/div>\n\t\t\t\t\t\t<\/div>\n\t\t\t\t<\/div>\n\t\t\t\t\t<\/div>\n\t\t<\/div>\n\t\t\t\t\t<\/div>\n\t\t<\/section>\n\t\t\t\t<\/div>\n\t\t","protected":false},"excerpt":{"rendered":"","protected":false},"author":3,"featured_media":0,"parent":11931,"menu_order":21,"comment_status":"closed","ping_status":"closed","template":"","meta":{"_acf_changed":false,"footnotes":""},"class_list":["post-11953","page","type-page","status-publish","hentry"],"acf":[],"aioseo_notices":[],"_links":{"self":[{"href":"https:\/\/adler-feldberg.de\/fr\/wp-json\/wp\/v2\/pages\/11953","targetHints":{"allow":["GET"]}}],"collection":[{"href":"https:\/\/adler-feldberg.de\/fr\/wp-json\/wp\/v2\/pages"}],"about":[{"href":"https:\/\/adler-feldberg.de\/fr\/wp-json\/wp\/v2\/types\/page"}],"author":[{"embeddable":true,"href":"https:\/\/adler-feldberg.de\/fr\/wp-json\/wp\/v2\/users\/3"}],"replies":[{"embeddable":true,"href":"https:\/\/adler-feldberg.de\/fr\/wp-json\/wp\/v2\/comments?post=11953"}],"version-history":[{"count":0,"href":"https:\/\/adler-feldberg.de\/fr\/wp-json\/wp\/v2\/pages\/11953\/revisions"}],"up":[{"embeddable":true,"href":"https:\/\/adler-feldberg.de\/fr\/wp-json\/wp\/v2\/pages\/11931"}],"wp:attachment":[{"href":"https:\/\/adler-feldberg.de\/fr\/wp-json\/wp\/v2\/media?parent=11953"}],"curies":[{"name":"wp","href":"https:\/\/api.w.org\/{rel}","templated":true}]}}