{"id":11969,"date":"2022-12-14T12:30:00","date_gmt":"2022-12-14T11:30:00","guid":{"rendered":"https:\/\/lebenswerk.link\/adler\/?page_id=11969"},"modified":"2023-05-08T13:18:51","modified_gmt":"2023-05-08T11:18:51","slug":"restaurant","status":"publish","type":"page","link":"https:\/\/adler-feldberg.de\/fr\/restaurant\/","title":{"rendered":"Restaurant"},"content":{"rendered":"\t\t<div data-elementor-type=\"wp-page\" data-elementor-id=\"11969\" class=\"elementor elementor-11969 elementor-11816\" data-elementor-post-type=\"page\">\n\t\t\t\t\t\t<section class=\"elementor-section elementor-top-section elementor-element elementor-element-62fcdd79 elementor-section-full_width elementor-section-height-min-height elementor-section-height-default elementor-section-items-middle\" data-id=\"62fcdd79\" data-element_type=\"section\" data-e-type=\"section\" data-settings=\"{&quot;background_background&quot;:&quot;classic&quot;}\">\n\t\t\t\t\t\t<div class=\"elementor-container elementor-column-gap-default\">\n\t\t\t\t\t<div class=\"elementor-column elementor-col-100 elementor-top-column elementor-element elementor-element-78affc57\" data-id=\"78affc57\" data-element_type=\"column\" data-e-type=\"column\">\n\t\t\t<div class=\"elementor-widget-wrap\">\n\t\t\t\t\t\t\t<\/div>\n\t\t<\/div>\n\t\t\t\t\t<\/div>\n\t\t<\/section>\n\t\t\t\t<section class=\"elementor-section elementor-top-section elementor-element elementor-element-7cf01181 elementor-section-full_width elementor-section-height-default elementor-section-height-default\" data-id=\"7cf01181\" data-element_type=\"section\" data-e-type=\"section\">\n\t\t\t\t\t\t<div class=\"elementor-container elementor-column-gap-default\">\n\t\t\t\t\t<div class=\"elementor-column elementor-col-50 elementor-top-column elementor-element elementor-element-563ebd8e\" data-id=\"563ebd8e\" data-element_type=\"column\" data-e-type=\"column\" data-settings=\"{&quot;background_background&quot;:&quot;classic&quot;}\">\n\t\t\t<div class=\"elementor-widget-wrap elementor-element-populated\">\n\t\t\t\t\t\t<div class=\"elementor-element elementor-element-599bdc6d elementor-widget elementor-widget-heading\" data-id=\"599bdc6d\" data-element_type=\"widget\" data-e-type=\"widget\" data-widget_type=\"heading.default\">\n\t\t\t\t<div class=\"elementor-widget-container\">\n\t\t\t\t\t<h1 class=\"elementor-heading-title elementor-size-default\">Restaurant<\/h1>\t\t\t\t<\/div>\n\t\t\t\t<\/div>\n\t\t\t\t<div class=\"elementor-element elementor-element-f6ff664 elementor-widget elementor-widget-heading\" data-id=\"f6ff664\" data-element_type=\"widget\" data-e-type=\"widget\" data-widget_type=\"heading.default\">\n\t\t\t\t<div class=\"elementor-widget-container\">\n\t\t\t\t\t<h3 class=\"elementor-heading-title elementor-size-default\">Toujours \u00e0 la disposition de nos clients<\/h3>\t\t\t\t<\/div>\n\t\t\t\t<\/div>\n\t\t\t\t<div class=\"elementor-element elementor-element-21b4ad22 elementor-widget elementor-widget-text-editor\" data-id=\"21b4ad22\" data-element_type=\"widget\" data-e-type=\"widget\" data-widget_type=\"text-editor.default\">\n\t\t\t\t<div class=\"elementor-widget-container\">\n\t\t\t\t\t\t\t\t\t<p>Notre salle de restaurant se pr\u00eate \u00e0 toutes les occasions : f\u00eates de famille, repas d\u2019affaires, f\u00eates de fin d\u2019ann\u00e9e, r\u00e9unions entre amis ou bien une soir\u00e9e romantique \u00e0 deux\u2026 le restaurant \u201cAdler\u201d est l\u2019endroit r\u00eav\u00e9 de la d\u00e9tente.<\/p>\t\t\t\t\t\t\t\t<\/div>\n\t\t\t\t<\/div>\n\t\t\t\t\t<\/div>\n\t\t<\/div>\n\t\t\t\t<div class=\"elementor-column elementor-col-50 elementor-top-column elementor-element elementor-element-60e9957f\" data-id=\"60e9957f\" data-element_type=\"column\" data-e-type=\"column\" data-settings=\"{&quot;background_background&quot;:&quot;classic&quot;}\">\n\t\t\t<div class=\"elementor-widget-wrap elementor-element-populated\">\n\t\t\t\t\t\t<div class=\"elementor-element elementor-element-1776ce54 elementor-view-default elementor-widget elementor-widget-icon\" data-id=\"1776ce54\" data-element_type=\"widget\" data-e-type=\"widget\" data-widget_type=\"icon.default\">\n\t\t\t\t<div class=\"elementor-widget-container\">\n\t\t\t\t\t\t\t<div class=\"elementor-icon-wrapper\">\n\t\t\t<div class=\"elementor-icon\">\n\t\t\t<svg xmlns=\"http:\/\/www.w3.org\/2000\/svg\" xmlns:xlink=\"http:\/\/www.w3.org\/1999\/xlink\" id=\"Layer_1\" x=\"0px\" y=\"0px\" width=\"500px\" height=\"500px\" viewBox=\"0 0 500 500\" xml:space=\"preserve\"><path d=\"M204.581,463.748c-1.683-4.025-16.51-32.569-22.145-42.686c-5.977-10.729-28.877-24.439-44.244-26.448 c-15.367-2.01-43.306,2.577-59.789,10.385c-16.482,7.81-22.376,4.835-14.363-6.649c8.014-11.484,18.561-20.325,33.281-24.416 c14.72-4.091,34.838-0.167,41.75,3.605c6.913,3.772,30.212,16.439,30.212,16.439s-9.681-19.76-13.055-25.529 s-7.808-10.396-14.515-11.703c-6.706-1.309-22.087-2.671-43.1-1.045c-21.012,1.627-37.894-2.228-46.226-6.289 c-8.331-4.062-20.6-11.703-11.706-15.918c8.895-4.214,28.738-5.606,38.185-5.274c9.445,0.328,28.283,3.577,39.34,7.31 c11.058,3.729,23.506,9.043,23.506,9.043s-4.172-10.835-11.788-18.118c-7.615-7.286-22.528-18.479-32.512-24.001 c-9.984-5.52-33.502-7.833-41.833-5.808c-8.331,2.024-16.097,1.858-30.982,7.63s-26.617,9.407-14.583-8.468 c0,0,10.23-12.214,24.62-19.03c14.389-6.817,29.908-5.842,40.924-0.168c11.016,5.673,37.208,22.414,37.208,22.414 s-9.158-20.007-16.002-27.014c-6.844-7.01-48.955-48.565-55.441-66.314c-6.487-17.75-4.035-17.309,1.734-14.596 s28.477,12.776,40.389,31.159c11.912,18.382,23.012,38.431,26.84,47.188c3.829,8.758,16.163,27.58,16.163,27.58 s-10.421-29.659-5.698-44.71c4.722-15.051,16.48-44.327,31.723-54.751c15.242-10.424,23.766-9.337,18.603,2.079 c-5.163,11.416-9.721,12.613-17.72,29.538c-8,16.924-16.178,36.174-14.222,59.914c0,0,4.243,19.773,7.796,29.302l19.791,43.801 c0,0-9.214-35.677-5.676-49.847c3.538-14.169,10.344-33.455,21.327-46.942c13.163-16.167,33.17-25.325,24.771-7.893 c-8.398,17.434-19.586,41.166-23.579,52.348c-5.81,16.271-4.438,46.612-4.373,54.259c0.111,13.081,7.376,29.31,7.376,29.31 s7.034-16.419,10.241-27.229c3.208-10.809,12.97-31.45,14.897-36.848c1.928-5.399,7.325-9.557,9.502,3.826 c2.176,13.385,0.249,24.869-3.881,36.436c-4.13,11.567-18.339,34.315-18.986,40.389c-0.647,6.072-1.68,5.921,6.267,22.018 c7.945,16.096,9.929,20.283,12.27,25.901c2.342,5.617-1.982,7.986-4.075,8.977C210.708,467.893,206.264,467.774,204.581,463.748z\"><\/path><path d=\"M295.839,456.893c1.907-11.428,11.482-43.988,9.912-53.566c-1.569-9.578-12.382-40.636-33.608-53.87 s-34.749-20.994-38.805-23.322c-4.057-2.327-5.171-8.917,10.385-9.349c15.557-0.433,32.355,8.961,36.659,11.615 c4.303,2.655,8.444,6.457,8.444,6.457s-1.99-16.948,0.776-28.251c2.768-11.305,4.89-15.975,8.137-7.914 c3.245,8.061,12.616,32.775,15.049,44.523c2.434,11.745,6.884,31.964,6.884,31.964s5.413-21.748,7.437-38.126 c2.022-16.38,2.989-27.354-3.549-47.282c-6.539-19.929-12.576-33.063-22.542-45.29c-9.966-12.227-23.211-26.087-27.226-28.701 c-4.018-2.614-6.687-8.547,4.408-8.44s25.6,7.127,32.075,13.014c6.478,5.886,22.064,20.077,27.597,40.741 c5.532,20.664,2.58,45.68,2.522,48.157c-0.058,2.479-1.114,7.884-1.114,7.884s5.759-9.711,9.88-18.191 c4.124-8.48,6.948-18.095,11.628-28.471c5.949-13.193,2.918-20.638,2.918-20.638s-19.386-13.851-28.653-24.811 c-9.27-10.958-22.682-27.766-26.215-35.867c-3.532-8.101-2.432-11.746,5.311-8.605s24.261,16.586,31.52,25.214 c7.26,8.628,22.192,29.159,22.192,29.159s-0.927-18.258-3.642-25.951c-2.712-7.693-15.56-30.561-30.93-41.797 c-15.369-11.236-23.98-20.641-31.601-24.642c-7.621-4.001-2.025-12.565,10.298-12.87s35.677,13.321,42.565,19.467 c15.578,13.897,21.66,28.791,22.708,46.19c1.049,17.398,1.677,27.428,1.479,30.908c-0.2,3.48-2.229,15.765-2.229,15.765 s10.41-19.872,12.607-29.209c2.197-9.338,5.406-27.889,5.406-27.889s-12.512-16.973-16.786-28.103 c-4.274-11.129-13.361-37.851-10.724-54.436c2.637-16.584,6.245-13.151,9.12-6.605c2.876,6.546,15.525,34.941,18.255,52.87 c2.728,17.928,2.649,20.548,4.292,23.412c1.642,2.864,1.642,2.864,1.642,2.864s3.216-12.41,3.281-23.219 c0.066-10.809,0.932-38.754,9.026-59.246c8.095-20.491,18.432-35.696,28.489-44.799c10.059-9.103,19.141-13.375,16.625,2.35 c-2.516,15.725-8.268,29.531-14.959,45.835c-6.689,16.304-19.103,39.986-22.243,47.728c-3.141,7.743-6.771,16.877-8.925,27.976 c-2.154,11.098-8.549,33.584-8.549,33.584s10.264-8.49,12.835-14.266c2.57-5.776,7.046-25.026,16.854-36.503 c9.81-11.478,24.611-25.173,34.55-31.37c9.94-6.197,18.57-11.409,17.845-4.202c-0.727,7.207-4.508,25.676-12.557,37.111 c-8.048,11.434-14.137,19.344-20.967,24.227c-6.83,4.882-15.953,9.439-23.56,15.674c-7.412,6.075-22.771,22.509-26.404,29.597 L388.813,250.1c0,0,9.516-9.402,12.296-12.518c2.78-3.115,11.36-14.182,25.313-19.811s46.086-9.565,62.103-2.915 c16.018,6.65,9.35,10.385,3.414,11.008c-5.936,0.623-30.01-0.734-46.87,4.776c-14.428,4.716-28.983,12.66-35.39,16.632 c-4.701,2.916-25.354,20.099-30.175,27.311c-4.821,7.213-20.218,33.396-20.218,33.396s25.804-21.205,38.853-28.717 c13.049-7.511,36.093-11.269,53.133-5.645c17.041,5.626,27.243,12.039,32.041,17.395c4.799,5.356,5.097,13.585-6.615,11.638 c-11.712-1.948-50.454-11.228-65.433-6.619c-14.979,4.606-35.724,12.784-43.858,20.696c-8.137,7.914-22.327,19.356-24.364,25.501 l-16.635,47.353c0,0,18.167-23.162,26.308-33.119c8.143-9.96,23.716-27.055,28.296-30.5c4.581-3.445,5.531,2.243,3.412,8.961 c-2.119,6.717-6.109,22.526-10.032,27.526c-3.922,5-4.533,7.254-4.533,7.254s22.462-9.982,45.356-4.406 c22.894,5.576,30.518,11.624,34.29,15.959c3.772,4.334,8.942,11.203-4.284,9.626c-13.228-1.577-33.046-4.086-47.663-4.106 c-14.615-0.02-33.342,4.965-44.732,10.341c-10.393,4.905-32.204,16.562-34.069,23.837c-2.605,10.156-2.605,10.156-5.902,23.14 c-1.925,7.581-2.021,18.426-5.374,21.461c-3.352,3.034-8.228,0.299-9.744-1.378C296.216,462.5,295.839,456.893,295.839,456.893z\"><\/path><\/svg>\t\t\t<\/div>\n\t\t<\/div>\n\t\t\t\t\t\t<\/div>\n\t\t\t\t<\/div>\n\t\t\t\t<div class=\"elementor-element elementor-element-467917f6 elementor-align-center elementor-widget__width-auto elementor-widget elementor-widget-button\" data-id=\"467917f6\" data-element_type=\"widget\" data-e-type=\"widget\" data-widget_type=\"button.default\">\n\t\t\t\t<div class=\"elementor-widget-container\">\n\t\t\t\t\t\t\t\t\t<div class=\"elementor-button-wrapper\">\n\t\t\t\t\t<a class=\"elementor-button elementor-button-link elementor-size-sm\" href=\"https:\/\/adler-feldberg.de\/restaurant\/tisch-reservieren\/\">\n\t\t\t\t\t\t<span class=\"elementor-button-content-wrapper\">\n\t\t\t\t\t\t\t\t\t<span class=\"elementor-button-text\">R\u00e9server une Table<\/span>\n\t\t\t\t\t<\/span>\n\t\t\t\t\t<\/a>\n\t\t\t\t<\/div>\n\t\t\t\t\t\t\t\t<\/div>\n\t\t\t\t<\/div>\n\t\t\t\t<div class=\"elementor-element elementor-element-1dde81f6 elementor-align-center elementor-widget__width-auto elementor-widget elementor-widget-button\" data-id=\"1dde81f6\" data-element_type=\"widget\" data-e-type=\"widget\" data-widget_type=\"button.default\">\n\t\t\t\t<div class=\"elementor-widget-container\">\n\t\t\t\t\t\t\t\t\t<div class=\"elementor-button-wrapper\">\n\t\t\t\t\t<a class=\"elementor-button elementor-button-link elementor-size-sm\" href=\"https:\/\/adler-feldberg.de\/restaurant\/events-oeffnungszeiten\/\">\n\t\t\t\t\t\t<span class=\"elementor-button-content-wrapper\">\n\t\t\t\t\t\t\t\t\t<span class=\"elementor-button-text\">Heures d'ouverture<\/span>\n\t\t\t\t\t<\/span>\n\t\t\t\t\t<\/a>\n\t\t\t\t<\/div>\n\t\t\t\t\t\t\t\t<\/div>\n\t\t\t\t<\/div>\n\t\t\t\t\t<\/div>\n\t\t<\/div>\n\t\t\t\t\t<\/div>\n\t\t<\/section>\n\t\t\t\t<section class=\"elementor-section elementor-top-section elementor-element elementor-element-65846302 elementor-section-full_width elementor-section-height-default elementor-section-height-default\" data-id=\"65846302\" data-element_type=\"section\" data-e-type=\"section\">\n\t\t\t\t\t\t<div class=\"elementor-container elementor-column-gap-default\">\n\t\t\t\t\t<div class=\"elementor-column elementor-col-100 elementor-top-column elementor-element elementor-element-4c0bcac6\" data-id=\"4c0bcac6\" data-element_type=\"column\" data-e-type=\"column\" data-settings=\"{&quot;background_background&quot;:&quot;classic&quot;}\">\n\t\t\t<div class=\"elementor-widget-wrap elementor-element-populated\">\n\t\t\t\t\t\t<div class=\"elementor-element elementor-element-a9ddc14 elementor-widget elementor-widget-gallery\" data-id=\"a9ddc14\" data-element_type=\"widget\" data-e-type=\"widget\" data-settings=\"{&quot;columns&quot;:2,&quot;gap&quot;:{&quot;unit&quot;:&quot;px&quot;,&quot;size&quot;:0,&quot;sizes&quot;:[]},&quot;gap_tablet&quot;:{&quot;unit&quot;:&quot;px&quot;,&quot;size&quot;:0,&quot;sizes&quot;:[]},&quot;gap_mobile&quot;:{&quot;unit&quot;:&quot;px&quot;,&quot;size&quot;:0,&quot;sizes&quot;:[]},&quot;lazyload&quot;:&quot;yes&quot;,&quot;gallery_layout&quot;:&quot;grid&quot;,&quot;columns_tablet&quot;:2,&quot;columns_mobile&quot;:1,&quot;link_to&quot;:&quot;file&quot;,&quot;aspect_ratio&quot;:&quot;3:2&quot;,&quot;overlay_background&quot;:&quot;yes&quot;,&quot;content_hover_animation&quot;:&quot;fade-in&quot;}\" data-widget_type=\"gallery.default\">\n\t\t\t\t<div class=\"elementor-widget-container\">\n\t\t\t\t\t\t\t<div class=\"elementor-gallery__container\">\n\t\t\t\t\t\t\t<a class=\"e-gallery-item elementor-gallery-item elementor-animated-content\" href=\"https:\/\/adler-feldberg.de\/cms\/wp-content\/uploads\/2023\/04\/restaurant-1.jpg\" data-elementor-open-lightbox=\"yes\" data-elementor-lightbox-slideshow=\"a9ddc14\" data-e-action-hash=\"#elementor-action%3Aaction%3Dlightbox%26settings%3DeyJpZCI6MTU5ODgsInVybCI6Imh0dHBzOlwvXC9hZGxlci1mZWxkYmVyZy5kZVwvY21zXC93cC1jb250ZW50XC91cGxvYWRzXC8yMDIzXC8wNFwvcmVzdGF1cmFudC0xLmpwZyIsInNsaWRlc2hvdyI6ImE5ZGRjMTQifQ%3D%3D\">\n\t\t\t\t\t<div class=\"e-gallery-image elementor-gallery-item__image\" data-thumbnail=\"https:\/\/adler-feldberg.de\/cms\/wp-content\/uploads\/2023\/04\/restaurant-1.jpg\" data-width=\"1000\" data-height=\"667\" aria-label=\"\" role=\"img\" ><\/div>\n\t\t\t\t\t\t\t\t\t\t\t<div class=\"elementor-gallery-item__overlay\"><\/div>\n\t\t\t\t\t\t\t\t\t\t\t\t\t\t<\/a>\n\t\t\t\t\t\t\t<a class=\"e-gallery-item elementor-gallery-item elementor-animated-content\" href=\"https:\/\/adler-feldberg.de\/cms\/wp-content\/uploads\/2023\/04\/restaurant-2.jpg\" data-elementor-open-lightbox=\"yes\" data-elementor-lightbox-slideshow=\"a9ddc14\" data-e-action-hash=\"#elementor-action%3Aaction%3Dlightbox%26settings%3DeyJpZCI6MTU5OTEsInVybCI6Imh0dHBzOlwvXC9hZGxlci1mZWxkYmVyZy5kZVwvY21zXC93cC1jb250ZW50XC91cGxvYWRzXC8yMDIzXC8wNFwvcmVzdGF1cmFudC0yLmpwZyIsInNsaWRlc2hvdyI6ImE5ZGRjMTQifQ%3D%3D\">\n\t\t\t\t\t<div class=\"e-gallery-image elementor-gallery-item__image\" data-thumbnail=\"https:\/\/adler-feldberg.de\/cms\/wp-content\/uploads\/2023\/04\/restaurant-2.jpg\" data-width=\"1000\" data-height=\"667\" aria-label=\"\" role=\"img\" ><\/div>\n\t\t\t\t\t\t\t\t\t\t\t<div class=\"elementor-gallery-item__overlay\"><\/div>\n\t\t\t\t\t\t\t\t\t\t\t\t\t\t<\/a>\n\t\t\t\t\t<\/div>\n\t\t\t\t\t<\/div>\n\t\t\t\t<\/div>\n\t\t\t\t\t<\/div>\n\t\t<\/div>\n\t\t\t\t\t<\/div>\n\t\t<\/section>\n\t\t\t\t<section class=\"elementor-section elementor-top-section elementor-element elementor-element-2fba6138 elementor-section-full_width elementor-section-height-default elementor-section-height-default\" data-id=\"2fba6138\" data-element_type=\"section\" data-e-type=\"section\">\n\t\t\t\t\t\t<div class=\"elementor-container elementor-column-gap-default\">\n\t\t\t\t\t<div class=\"elementor-column elementor-col-50 elementor-top-column elementor-element elementor-element-2b96bf6e\" data-id=\"2b96bf6e\" data-element_type=\"column\" data-e-type=\"column\" data-settings=\"{&quot;background_background&quot;:&quot;classic&quot;}\">\n\t\t\t<div class=\"elementor-widget-wrap elementor-element-populated\">\n\t\t\t\t\t\t<div class=\"elementor-element elementor-element-7017882 elementor-widget elementor-widget-heading\" data-id=\"7017882\" data-element_type=\"widget\" data-e-type=\"widget\" data-widget_type=\"heading.default\">\n\t\t\t\t<div class=\"elementor-widget-container\">\n\t\t\t\t\t<h2 class=\"elementor-heading-title elementor-size-default\">Au salon ou au jardin<\/h2>\t\t\t\t<\/div>\n\t\t\t\t<\/div>\n\t\t\t\t\t<\/div>\n\t\t<\/div>\n\t\t\t\t<div class=\"elementor-column elementor-col-50 elementor-top-column elementor-element elementor-element-181004e2\" data-id=\"181004e2\" data-element_type=\"column\" data-e-type=\"column\" data-settings=\"{&quot;background_background&quot;:&quot;classic&quot;}\">\n\t\t\t<div class=\"elementor-widget-wrap elementor-element-populated\">\n\t\t\t\t\t\t<div class=\"elementor-element elementor-element-21d94a33 elementor-widget elementor-widget-text-editor\" data-id=\"21d94a33\" data-element_type=\"widget\" data-e-type=\"widget\" data-widget_type=\"text-editor.default\">\n\t\t\t\t<div class=\"elementor-widget-container\">\n\t\t\t\t\t\t\t\t\t<p>D\u00e9cor\u00e9e avec c\u0153ur dans un style typiquement de For\u00eat-Noire, notre salle de restaurant vous fera oublier le tumulte de votre quotidien. Prenez enfin le temps et offrez- vous un instant de gastronomie en d\u00e9gustant notre <a href=\"https:\/\/adler-feldberg.de\/fr\/restaurant\/notre-cuisine\/\">cuisine badoise r\u00e9gionale<\/a>, dans laquelle nous mettons des accents de fra\u00eecheur suivant le calendrier culinaire.<\/p>\t\t\t\t\t\t\t\t<\/div>\n\t\t\t\t<\/div>\n\t\t\t\t\t<\/div>\n\t\t<\/div>\n\t\t\t\t\t<\/div>\n\t\t<\/section>\n\t\t\t\t<section class=\"elementor-section elementor-top-section elementor-element elementor-element-177eedee elementor-section-full_width elementor-section-height-default elementor-section-height-default\" data-id=\"177eedee\" data-element_type=\"section\" data-e-type=\"section\">\n\t\t\t\t\t\t<div class=\"elementor-container elementor-column-gap-default\">\n\t\t\t\t\t<div class=\"elementor-column elementor-col-100 elementor-top-column elementor-element elementor-element-26cfe87b\" data-id=\"26cfe87b\" data-element_type=\"column\" data-e-type=\"column\" data-settings=\"{&quot;background_background&quot;:&quot;classic&quot;}\">\n\t\t\t<div class=\"elementor-widget-wrap elementor-element-populated\">\n\t\t\t\t\t\t<div class=\"elementor-element elementor-element-6d85abba elementor-widget elementor-widget-gallery\" data-id=\"6d85abba\" data-element_type=\"widget\" data-e-type=\"widget\" data-settings=\"{&quot;columns_tablet&quot;:4,&quot;columns_mobile&quot;:2,&quot;gap&quot;:{&quot;unit&quot;:&quot;px&quot;,&quot;size&quot;:0,&quot;sizes&quot;:[]},&quot;gap_tablet&quot;:{&quot;unit&quot;:&quot;px&quot;,&quot;size&quot;:0,&quot;sizes&quot;:[]},&quot;gap_mobile&quot;:{&quot;unit&quot;:&quot;px&quot;,&quot;size&quot;:0,&quot;sizes&quot;:[]},&quot;lazyload&quot;:&quot;yes&quot;,&quot;gallery_layout&quot;:&quot;grid&quot;,&quot;columns&quot;:4,&quot;link_to&quot;:&quot;file&quot;,&quot;aspect_ratio&quot;:&quot;3:2&quot;,&quot;overlay_background&quot;:&quot;yes&quot;,&quot;content_hover_animation&quot;:&quot;fade-in&quot;}\" data-widget_type=\"gallery.default\">\n\t\t\t\t<div class=\"elementor-widget-container\">\n\t\t\t\t\t\t\t<div class=\"elementor-gallery__container\">\n\t\t\t\t\t\t\t<a class=\"e-gallery-item elementor-gallery-item elementor-animated-content\" href=\"https:\/\/adler-feldberg.de\/cms\/wp-content\/uploads\/2023\/04\/restaurant-3-1.jpg\" data-elementor-open-lightbox=\"yes\" data-elementor-lightbox-slideshow=\"6d85abba\" data-e-action-hash=\"#elementor-action%3Aaction%3Dlightbox%26settings%3DeyJpZCI6MTYwMDksInVybCI6Imh0dHBzOlwvXC9hZGxlci1mZWxkYmVyZy5kZVwvY21zXC93cC1jb250ZW50XC91cGxvYWRzXC8yMDIzXC8wNFwvcmVzdGF1cmFudC0zLTEuanBnIiwic2xpZGVzaG93IjoiNmQ4NWFiYmEifQ%3D%3D\">\n\t\t\t\t\t<div class=\"e-gallery-image elementor-gallery-item__image\" data-thumbnail=\"https:\/\/adler-feldberg.de\/cms\/wp-content\/uploads\/2023\/04\/restaurant-3-1.jpg\" data-width=\"1000\" data-height=\"667\" aria-label=\"\" role=\"img\" ><\/div>\n\t\t\t\t\t\t\t\t\t\t\t<div class=\"elementor-gallery-item__overlay\"><\/div>\n\t\t\t\t\t\t\t\t\t\t\t\t\t\t<\/a>\n\t\t\t\t\t\t\t<a class=\"e-gallery-item elementor-gallery-item elementor-animated-content\" href=\"https:\/\/adler-feldberg.de\/cms\/wp-content\/uploads\/2023\/04\/restaurant-6.jpg\" data-elementor-open-lightbox=\"yes\" data-elementor-lightbox-slideshow=\"6d85abba\" data-e-action-hash=\"#elementor-action%3Aaction%3Dlightbox%26settings%3DeyJpZCI6MTYwMTgsInVybCI6Imh0dHBzOlwvXC9hZGxlci1mZWxkYmVyZy5kZVwvY21zXC93cC1jb250ZW50XC91cGxvYWRzXC8yMDIzXC8wNFwvcmVzdGF1cmFudC02LmpwZyIsInNsaWRlc2hvdyI6IjZkODVhYmJhIn0%3D\">\n\t\t\t\t\t<div class=\"e-gallery-image elementor-gallery-item__image\" data-thumbnail=\"https:\/\/adler-feldberg.de\/cms\/wp-content\/uploads\/2023\/04\/restaurant-6.jpg\" data-width=\"1000\" data-height=\"667\" aria-label=\"\" role=\"img\" ><\/div>\n\t\t\t\t\t\t\t\t\t\t\t<div class=\"elementor-gallery-item__overlay\"><\/div>\n\t\t\t\t\t\t\t\t\t\t\t\t\t\t<\/a>\n\t\t\t\t\t\t\t<a class=\"e-gallery-item elementor-gallery-item elementor-animated-content\" href=\"https:\/\/adler-feldberg.de\/cms\/wp-content\/uploads\/2023\/04\/restaurant-5.jpg\" data-elementor-open-lightbox=\"yes\" data-elementor-lightbox-slideshow=\"6d85abba\" data-e-action-hash=\"#elementor-action%3Aaction%3Dlightbox%26settings%3DeyJpZCI6MTYwMTUsInVybCI6Imh0dHBzOlwvXC9hZGxlci1mZWxkYmVyZy5kZVwvY21zXC93cC1jb250ZW50XC91cGxvYWRzXC8yMDIzXC8wNFwvcmVzdGF1cmFudC01LmpwZyIsInNsaWRlc2hvdyI6IjZkODVhYmJhIn0%3D\">\n\t\t\t\t\t<div class=\"e-gallery-image elementor-gallery-item__image\" data-thumbnail=\"https:\/\/adler-feldberg.de\/cms\/wp-content\/uploads\/2023\/04\/restaurant-5.jpg\" data-width=\"1000\" data-height=\"667\" aria-label=\"\" role=\"img\" ><\/div>\n\t\t\t\t\t\t\t\t\t\t\t<div class=\"elementor-gallery-item__overlay\"><\/div>\n\t\t\t\t\t\t\t\t\t\t\t\t\t\t<\/a>\n\t\t\t\t\t\t\t<a class=\"e-gallery-item elementor-gallery-item elementor-animated-content\" href=\"https:\/\/adler-feldberg.de\/cms\/wp-content\/uploads\/2023\/04\/restaurant-4.jpg\" data-elementor-open-lightbox=\"yes\" data-elementor-lightbox-slideshow=\"6d85abba\" data-e-action-hash=\"#elementor-action%3Aaction%3Dlightbox%26settings%3DeyJpZCI6MTYwMTIsInVybCI6Imh0dHBzOlwvXC9hZGxlci1mZWxkYmVyZy5kZVwvY21zXC93cC1jb250ZW50XC91cGxvYWRzXC8yMDIzXC8wNFwvcmVzdGF1cmFudC00LmpwZyIsInNsaWRlc2hvdyI6IjZkODVhYmJhIn0%3D\">\n\t\t\t\t\t<div class=\"e-gallery-image elementor-gallery-item__image\" data-thumbnail=\"https:\/\/adler-feldberg.de\/cms\/wp-content\/uploads\/2023\/04\/restaurant-4.jpg\" data-width=\"1000\" data-height=\"667\" aria-label=\"\" role=\"img\" ><\/div>\n\t\t\t\t\t\t\t\t\t\t\t<div class=\"elementor-gallery-item__overlay\"><\/div>\n\t\t\t\t\t\t\t\t\t\t\t\t\t\t<\/a>\n\t\t\t\t\t<\/div>\n\t\t\t\t\t<\/div>\n\t\t\t\t<\/div>\n\t\t\t\t<div class=\"elementor-element elementor-element-2eafd6bc elementor-widget elementor-widget-gallery\" data-id=\"2eafd6bc\" data-element_type=\"widget\" data-e-type=\"widget\" data-settings=\"{&quot;columns&quot;:2,&quot;gap&quot;:{&quot;unit&quot;:&quot;px&quot;,&quot;size&quot;:0,&quot;sizes&quot;:[]},&quot;gap_tablet&quot;:{&quot;unit&quot;:&quot;px&quot;,&quot;size&quot;:0,&quot;sizes&quot;:[]},&quot;gap_mobile&quot;:{&quot;unit&quot;:&quot;px&quot;,&quot;size&quot;:0,&quot;sizes&quot;:[]},&quot;lazyload&quot;:&quot;yes&quot;,&quot;gallery_layout&quot;:&quot;grid&quot;,&quot;columns_tablet&quot;:2,&quot;columns_mobile&quot;:1,&quot;link_to&quot;:&quot;file&quot;,&quot;aspect_ratio&quot;:&quot;3:2&quot;,&quot;overlay_background&quot;:&quot;yes&quot;,&quot;content_hover_animation&quot;:&quot;fade-in&quot;}\" data-widget_type=\"gallery.default\">\n\t\t\t\t<div class=\"elementor-widget-container\">\n\t\t\t\t\t\t\t<div class=\"elementor-gallery__container\">\n\t\t\t\t\t\t\t<a class=\"e-gallery-item elementor-gallery-item elementor-animated-content\" href=\"https:\/\/adler-feldberg.de\/cms\/wp-content\/uploads\/2023\/04\/gartenterrasse-1.jpg\" data-elementor-open-lightbox=\"yes\" data-elementor-lightbox-slideshow=\"2eafd6bc\" data-e-action-hash=\"#elementor-action%3Aaction%3Dlightbox%26settings%3DeyJpZCI6MTYwMjIsInVybCI6Imh0dHBzOlwvXC9hZGxlci1mZWxkYmVyZy5kZVwvY21zXC93cC1jb250ZW50XC91cGxvYWRzXC8yMDIzXC8wNFwvZ2FydGVudGVycmFzc2UtMS5qcGciLCJzbGlkZXNob3ciOiIyZWFmZDZiYyJ9\">\n\t\t\t\t\t<div class=\"e-gallery-image elementor-gallery-item__image\" data-thumbnail=\"https:\/\/adler-feldberg.de\/cms\/wp-content\/uploads\/2023\/04\/gartenterrasse-1.jpg\" data-width=\"1000\" data-height=\"667\" aria-label=\"\" role=\"img\" ><\/div>\n\t\t\t\t\t\t\t\t\t\t\t<div class=\"elementor-gallery-item__overlay\"><\/div>\n\t\t\t\t\t\t\t\t\t\t\t\t\t\t<\/a>\n\t\t\t\t\t\t\t<a class=\"e-gallery-item elementor-gallery-item elementor-animated-content\" href=\"https:\/\/adler-feldberg.de\/cms\/wp-content\/uploads\/2023\/04\/gartenterrasse-3.jpg\" data-elementor-open-lightbox=\"yes\" data-elementor-lightbox-slideshow=\"2eafd6bc\" data-e-action-hash=\"#elementor-action%3Aaction%3Dlightbox%26settings%3DeyJpZCI6MTYwMjgsInVybCI6Imh0dHBzOlwvXC9hZGxlci1mZWxkYmVyZy5kZVwvY21zXC93cC1jb250ZW50XC91cGxvYWRzXC8yMDIzXC8wNFwvZ2FydGVudGVycmFzc2UtMy5qcGciLCJzbGlkZXNob3ciOiIyZWFmZDZiYyJ9\">\n\t\t\t\t\t<div class=\"e-gallery-image elementor-gallery-item__image\" data-thumbnail=\"https:\/\/adler-feldberg.de\/cms\/wp-content\/uploads\/2023\/04\/gartenterrasse-3.jpg\" data-width=\"1000\" data-height=\"667\" aria-label=\"\" role=\"img\" ><\/div>\n\t\t\t\t\t\t\t\t\t\t\t<div class=\"elementor-gallery-item__overlay\"><\/div>\n\t\t\t\t\t\t\t\t\t\t\t\t\t\t<\/a>\n\t\t\t\t\t<\/div>\n\t\t\t\t\t<\/div>\n\t\t\t\t<\/div>\n\t\t\t\t\t<\/div>\n\t\t<\/div>\n\t\t\t\t\t<\/div>\n\t\t<\/section>\n\t\t\t\t<\/div>\n\t\t","protected":false},"excerpt":{"rendered":"<p>Toujours \u00e0 la disposition de nos clients Notre salle de restaurant se pr\u00eate \u00e0 toutes les occasions : f\u00eates de famille, repas d\u2019affaires, f\u00eates de fin d\u2019ann\u00e9e, r\u00e9unions entre amis ou bien une soir\u00e9e romantique \u00e0 deux\u2026 le restaurant \u201cAdler\u201d est l\u2019endroit r\u00eav\u00e9 de la d\u00e9tente. R\u00e9server une Table Heures d&#8217;ouverture Au salon ou au [&hellip;]<\/p>\n","protected":false},"author":3,"featured_media":0,"parent":0,"menu_order":28,"comment_status":"closed","ping_status":"closed","template":"","meta":{"_acf_changed":false,"footnotes":""},"class_list":["post-11969","page","type-page","status-publish","hentry"],"acf":[],"aioseo_notices":[],"_links":{"self":[{"href":"https:\/\/adler-feldberg.de\/fr\/wp-json\/wp\/v2\/pages\/11969","targetHints":{"allow":["GET"]}}],"collection":[{"href":"https:\/\/adler-feldberg.de\/fr\/wp-json\/wp\/v2\/pages"}],"about":[{"href":"https:\/\/adler-feldberg.de\/fr\/wp-json\/wp\/v2\/types\/page"}],"author":[{"embeddable":true,"href":"https:\/\/adler-feldberg.de\/fr\/wp-json\/wp\/v2\/users\/3"}],"replies":[{"embeddable":true,"href":"https:\/\/adler-feldberg.de\/fr\/wp-json\/wp\/v2\/comments?post=11969"}],"version-history":[{"count":0,"href":"https:\/\/adler-feldberg.de\/fr\/wp-json\/wp\/v2\/pages\/11969\/revisions"}],"wp:attachment":[{"href":"https:\/\/adler-feldberg.de\/fr\/wp-json\/wp\/v2\/media?parent=11969"}],"curies":[{"name":"wp","href":"https:\/\/api.w.org\/{rel}","templated":true}]}}