{"id":12041,"date":"2022-04-02T07:05:55","date_gmt":"2022-04-02T05:05:55","guid":{"rendered":"https:\/\/lebenswerk.link\/adler\/?page_id=12041"},"modified":"2023-05-08T13:21:33","modified_gmt":"2023-05-08T11:21:33","slug":"protection-des-donnees","status":"publish","type":"page","link":"https:\/\/adler-feldberg.de\/fr\/protection-des-donnees\/","title":{"rendered":"Protection des donn\u00e9es"},"content":{"rendered":"\t\t<div data-elementor-type=\"wp-page\" data-elementor-id=\"12041\" class=\"elementor elementor-12041 elementor-11110\" data-elementor-post-type=\"page\">\n\t\t\t\t\t\t<section class=\"elementor-section elementor-top-section elementor-element elementor-element-1b88d84 elementor-section-full_width elementor-section-height-min-height elementor-section-height-default elementor-section-items-middle\" data-id=\"1b88d84\" data-element_type=\"section\" data-e-type=\"section\" data-settings=\"{&quot;background_background&quot;:&quot;classic&quot;}\">\n\t\t\t\t\t\t<div class=\"elementor-container elementor-column-gap-default\">\n\t\t\t\t\t<div class=\"elementor-column elementor-col-100 elementor-top-column elementor-element elementor-element-0e1b0a2\" data-id=\"0e1b0a2\" data-element_type=\"column\" data-e-type=\"column\">\n\t\t\t<div class=\"elementor-widget-wrap\">\n\t\t\t\t\t\t\t<\/div>\n\t\t<\/div>\n\t\t\t\t\t<\/div>\n\t\t<\/section>\n\t\t\t\t<section class=\"elementor-section elementor-top-section elementor-element elementor-element-900d17a elementor-section-full_width elementor-section-height-default elementor-section-height-default\" data-id=\"900d17a\" data-element_type=\"section\" data-e-type=\"section\">\n\t\t\t\t\t\t<div class=\"elementor-container elementor-column-gap-default\">\n\t\t\t\t\t<div class=\"elementor-column elementor-col-100 elementor-top-column elementor-element elementor-element-da5241b\" data-id=\"da5241b\" data-element_type=\"column\" data-e-type=\"column\" data-settings=\"{&quot;background_background&quot;:&quot;classic&quot;}\">\n\t\t\t<div class=\"elementor-widget-wrap elementor-element-populated\">\n\t\t\t\t\t\t<div class=\"elementor-element elementor-element-c274c05 elementor-widget elementor-widget-heading\" data-id=\"c274c05\" data-element_type=\"widget\" data-e-type=\"widget\" data-widget_type=\"heading.default\">\n\t\t\t\t<div class=\"elementor-widget-container\">\n\t\t\t\t\t<h1 class=\"elementor-heading-title elementor-size-default\">Protection des donn\u00e9es<\/h1>\t\t\t\t<\/div>\n\t\t\t\t<\/div>\n\t\t\t\t<div class=\"elementor-element elementor-element-aaa7937 recht elementor-widget elementor-widget-text-editor\" data-id=\"aaa7937\" data-element_type=\"widget\" data-e-type=\"widget\" data-widget_type=\"text-editor.default\">\n\t\t\t\t<div class=\"elementor-widget-container\">\n\t\t\t\t\t\t\t\t\t<p><a href=\"#\" class=\"_brlbs-btn-cookie-preference borlabs-cookie-preference\">Modifier vos param\u00e8tres de confidentialit\u00e9<\/a> <\/p><p>D\u00e9sol\u00e9, notre d\u00e9claration de confidentialit\u00e9 est seulement disponible en <a href=\"https:\/\/adler-feldberg.de\/datenschutz\/\">Allemand<\/a> et en <a href=\"https:\/\/adler-feldberg.de\/en\/data-protection\/\">Anglais<\/a>.<\/p>\t\t\t\t\t\t\t\t<\/div>\n\t\t\t\t<\/div>\n\t\t\t\t<div class=\"elementor-element elementor-element-4fd3b3f elementor-align-start elementor-icon-list--layout-traditional elementor-list-item-link-full_width elementor-widget elementor-widget-icon-list\" data-id=\"4fd3b3f\" data-element_type=\"widget\" data-e-type=\"widget\" data-widget_type=\"icon-list.default\">\n\t\t\t\t<div class=\"elementor-widget-container\">\n\t\t\t\t\t\t\t<ul class=\"elementor-icon-list-items\">\n\t\t\t\t\t\t\t<li class=\"elementor-icon-list-item\">\n\t\t\t\t\t\t\t\t\t\t<span class=\"elementor-icon-list-text\">Aline Wimmer-You <br>Feldbergstra\u00dfe 4<br>79868 Feldberg-B\u00e4rental <\/span>\n\t\t\t\t\t\t\t\t\t<\/li>\n\t\t\t\t\t\t<\/ul>\n\t\t\t\t\t\t<\/div>\n\t\t\t\t<\/div>\n\t\t\t\t<div class=\"elementor-element elementor-element-0ae49df elementor-align-start elementor-icon-list--layout-traditional elementor-list-item-link-full_width elementor-widget elementor-widget-icon-list\" data-id=\"0ae49df\" data-element_type=\"widget\" data-e-type=\"widget\" data-widget_type=\"icon-list.default\">\n\t\t\t\t<div class=\"elementor-widget-container\">\n\t\t\t\t\t\t\t<ul class=\"elementor-icon-list-items\">\n\t\t\t\t\t\t\t<li class=\"elementor-icon-list-item\">\n\t\t\t\t\t\t\t\t\t\t\t<a href=\"tel:+4&#057;765&#053;&#057;33&#057;&#051;3\">\n\n\t\t\t\t\t\t\t\t\t\t\t<span class=\"elementor-icon-list-text\">0&#055;&#054;55 \/ 93&#051; 9&#051;3<\/span>\n\t\t\t\t\t\t\t\t\t\t\t<\/a>\n\t\t\t\t\t\t\t\t\t<\/li>\n\t\t\t\t\t\t\t\t<li class=\"elementor-icon-list-item\">\n\t\t\t\t\t\t\t\t\t\t\t<a href=\"mailto:&#105;&#110;&#102;o&#064;&#097;d&#108;&#101;r&#045;&#102;eldbe&#114;&#103;.de\">\n\n\t\t\t\t\t\t\t\t\t\t\t<span class=\"elementor-icon-list-text\">i&#110;&#102;&#111;&#064;&#097;&#100;&#108;&#101;&#114;&#045;f&#101;&#108;&#100;b&#101;&#114;&#103;&#046;&#100;e<\/span>\n\t\t\t\t\t\t\t\t\t\t\t<\/a>\n\t\t\t\t\t\t\t\t\t<\/li>\n\t\t\t\t\t\t<\/ul>\n\t\t\t\t\t\t<\/div>\n\t\t\t\t<\/div>\n\t\t\t\t\t<\/div>\n\t\t<\/div>\n\t\t\t\t\t<\/div>\n\t\t<\/section>\n\t\t\t\t<\/div>\n\t\t","protected":false},"excerpt":{"rendered":"<p>D\u00e9sol\u00e9, notre d\u00e9claration de confidentialit\u00e9 est seulement disponible en Allemand et en Anglais. Aline Wimmer-You Feldbergstra\u00dfe 479868 Feldberg-B\u00e4rental 0&#55;&#54;55 \/ 93&#51; 9&#51;3 i&#110;&#102;&#111;&#64;&#97;&#100;&#108;&#101;&#114;&#45;f&#101;&#108;&#100;b&#101;&#114;&#103;&#46;&#100;e<\/p>\n","protected":false},"author":3,"featured_media":0,"parent":0,"menu_order":77,"comment_status":"closed","ping_status":"closed","template":"","meta":{"_acf_changed":false,"footnotes":""},"class_list":["post-12041","page","type-page","status-publish","hentry"],"acf":[],"aioseo_notices":[],"_links":{"self":[{"href":"https:\/\/adler-feldberg.de\/fr\/wp-json\/wp\/v2\/pages\/12041","targetHints":{"allow":["GET"]}}],"collection":[{"href":"https:\/\/adler-feldberg.de\/fr\/wp-json\/wp\/v2\/pages"}],"about":[{"href":"https:\/\/adler-feldberg.de\/fr\/wp-json\/wp\/v2\/types\/page"}],"author":[{"embeddable":true,"href":"https:\/\/adler-feldberg.de\/fr\/wp-json\/wp\/v2\/users\/3"}],"replies":[{"embeddable":true,"href":"https:\/\/adler-feldberg.de\/fr\/wp-json\/wp\/v2\/comments?post=12041"}],"version-history":[{"count":0,"href":"https:\/\/adler-feldberg.de\/fr\/wp-json\/wp\/v2\/pages\/12041\/revisions"}],"wp:attachment":[{"href":"https:\/\/adler-feldberg.de\/fr\/wp-json\/wp\/v2\/media?parent=12041"}],"curies":[{"name":"wp","href":"https:\/\/api.w.org\/{rel}","templated":true}]}}